{"id":280,"date":"2020-03-16T15:00:19","date_gmt":"2020-03-16T14:00:19","guid":{"rendered":"https:\/\/www.konditorei-sommer.de\/shop\/agb\/"},"modified":"2024-12-12T19:53:54","modified_gmt":"2024-12-12T18:53:54","slug":"agb","status":"publish","type":"page","link":"https:\/\/www.cafe-sommer.de\/shop\/agb\/","title":{"rendered":"AGB"},"content":{"rendered":"\n<p>ALLGEMEINE GESCH\u00c4FTSBEDINGUNGEN<\/p>\n\n\n\n<p>\u00a7 1 Geltungsbereich und Anbieter<\/p>\n\n\n\n<p>(1) Diese Allgemeinen Gesch\u00e4ftsbedingungen gelten f\u00fcr alle Bestellungen, die Sie bei dem Online-Shop des<\/p>\n\n\n\n<p>Caf\u00e9 Sommer<br>Wilhelmstra\u00dfe 100<br>72764 Reutlingen<\/p>\n\n\n\n<p>t\u00e4tigen.<\/p>\n\n\n\n<p>(2) Das Warenangebot in unserem Online-Shop richtet sich ausschlie\u00dflich an K\u00e4ufer, die das 18. Lebensjahr vollendet haben.<\/p>\n\n\n\n<p>(3) Unsere Lieferungen, Leistungen und Angebote erfolgen ausschlie\u00dflich auf der Grundlage dieser Allgemeinen Gesch\u00e4ftsbedingungen. Die Allgemeinen Gesch\u00e4ftsbedingungen gelten gegen\u00fcber Unternehmen somit auch f\u00fcr alle k\u00fcnftigen Gesch\u00e4ftsbeziehungen, auch wenn sie nicht nochmals ausdr\u00fccklich vereinbart werden. Der Einbeziehung von Allgemeinen Gesch\u00e4ftsbedingungen eines Kunden, die unseren Allgemeinen Gesch\u00e4ftsbedingungen widersprechen, wird schon jetzt widersprochen.<\/p>\n\n\n\n<p>(4) Vertragssprache ist ausschlie\u00dflich deutsch.<\/p>\n\n\n\n<p>(5) Sie k\u00f6nnen die derzeit g\u00fcltigen Allgemeinen Gesch\u00e4ftsbedingungen auf der https:\/\/www.cafe-sommer.de\/shop\/agb abrufen und ausdrucken.&nbsp;<\/p>\n\n\n\n<p>\u00a7 2 Vertragsschluss<\/p>\n\n\n\n<p>(1) Die Warenpr\u00e4sentation im Online-Shop stellt keinen verbindlichen Antrag auf den Abschluss eines Kaufvertrages dar. Vielmehr handelt es sich um eine unverbindliche Aufforderung, im Online-Shop Waren zu bestellen.<\/p>\n\n\n\n<p>(2) Mit Anklicken des Buttons [\u201eJetzt zahlungspflichtig bestellen\u201c \/ \u201ekaufen\u201c] geben Sie ein verbindliches Kaufangebot ab (\u00a7 145 BGB). Unmittelbar vor Abgabe dieser Bestellung k\u00f6nnen Sie die Bestellung noch einmal \u00fcberpr\u00fcfen und ggf. korrigieren.<\/p>\n\n\n\n<p>(3) Nach Eingang des Kaufangebots erhalten Sie eine automatisch erzeugte EMail, mit der wir best\u00e4tigen, dass wir Ihre Bestellung erhalten haben Eingangsbest\u00e4tigung). Diese Eingangsbest\u00e4tigung stellt noch keine Annahme Ihres Kaufangebots dar. Ein Vertrag kommt durch die Eingangsbest\u00e4tigung noch nicht zustande.<\/p>\n\n\n\n<p>(4) Ein Kaufvertrag \u00fcber die Ware kommt erst zustande, wenn wir ausdr\u00fccklich die Annahme des Kaufangebots erkl\u00e4ren (Auftragsbest\u00e4tigung) oder wenn wir die Ware \u2013 ohne vorherige ausdr\u00fcckliche Annahmeerkl\u00e4rung \u2013 an Sie versenden. Ausnahme: bei Zahlung mit Vorkasse und PayPal erfolgt die Annahme der Bestellung unmittelbar mit Ihrer Bestellung.<\/p>\n\n\n\n<p>(5) Bestellungen sind nur in haushalts\u00fcblichen Mengen m\u00f6glich.<\/p>\n\n\n\n<p>\u00a7 3 Preise<\/p>\n\n\n\n<p>Die auf den Produktseiten genannten Preise enthalten die gesetzliche Mehrwertsteuer und sonstige Preisbestandteile und verstehen sich zzgl. der jeweiligen Versandkosten und soweit angegeben zzgl. Pfand.<\/p>\n\n\n\n<p>\u00a7 4 Zahlungsbedingungen; Verzug<\/p>\n\n\n\n<p>(1) Die Zahlung erfolgt wahlweise per:<\/p>\n\n\n\n<p>Rechnung per Vorkasse,&nbsp;Paypal.<\/p>\n\n\n\n<p>(2) Die Auswahl der jeweils verf\u00fcgbaren Bezahlmethoden obliegt uns. Wir behalten uns insbesondere vor, Ihnen f\u00fcr die Bezahlung nur ausgew\u00e4hlte Bezahlmethoden anzubieten, beispielweise zur Absicherung unseres Kreditrisikos nur Vorkasse.<\/p>\n\n\n\n<p>(3) Bei Auswahl der Zahlungsart Vorkasse nennen wir Ihnen unsere Bankverbindung in der Auftragsbest\u00e4tigung. Der Rechnungsbetrag ist innerhalb von 10 Tagen nach Erhalt der Auftragsbest\u00e4tigung auf unser Konto zu \u00fcberweisen.<\/p>\n\n\n\n<p>(6) Bei der Bezahlung mit PayPal werden Sie im Bestellprozess auf die Webseite des Online-Anbieters PayPal weitergeleitet. Um den Rechnungsbetrag \u00fcber PayPal bezahlen zu k\u00f6nnen, m\u00fcssen Sie dort registriert sein bzw. sich erst registrieren, mit Ihren Zugangsdaten legitimieren und die Zahlungsanweisung an uns best\u00e4tigen. Nach Abgabe der Bestellung im Shop fordern wir PayPal zur Einleitung der Zahlungstransaktion auf. Weitere Hinweise erhalten Sie beim Bestellvorgang. Die Zahlungstransaktion wird durch PayPal unmittelbar danach automatisch durchgef\u00fchrt.<\/p>\n\n\n\n<p>(7) Bei Zahlung per Lastschrift haben Sie ggf. jene Kosten zu tragen, die infolge einer R\u00fcckbuchung einer Zahlungstransaktion mangels Kontodeckung oder aufgrund von Ihnen falsch \u00fcbermittelter Daten der Bankverbindung entstehen.<\/p>\n\n\n\n<p>(8) Geraten Sie mit einer Zahlung in Verzug, so sind Sie zur Zahlung der gesetzlichen Verzugszinsen in H\u00f6he von 5 Prozentpunkten \u00fcber dem Basiszinssatz verpflichtet. F\u00fcr jedes Mahnschreiben, das nach Eintritt des Verzugs an Sie versandt wird, wird Ihnen eine Mahngeb\u00fchr in H\u00f6he von 2,50 EUR berechnet, sofern nicht im Einzelfall ein niedrigerer bzw. h\u00f6herer Schaden nachgewiesen wird.<\/p>\n\n\n\n<p>\u00a7 5 Aufrechnung\/Zur\u00fcckbehaltungsrecht<\/p>\n\n\n\n<p>(1) Ein Recht zur Aufrechnung steht Ihnen nur dann zu, wenn Ihre Gegenforderung rechtskr\u00e4ftig festgestellt worden ist, von uns nicht bestritten oder anerkannt wird oder in einem engen synallagmatischen Verh\u00e4ltnis zu unserer Forderung steht.<\/p>\n\n\n\n<p>(2) Ebenso k\u00f6nnen Sie ein Zur\u00fcckbehaltungsrecht nur aus\u00fcben, soweit Ihre Gegenforderung auf demselben Vertragsverh\u00e4ltnis beruht.<\/p>\n\n\n\n<p>\u00a7 6 Lieferung<\/p>\n\n\n\n<p>(1) Sofern nicht anders vereinbart, erfolgt die Lieferung der Ware von unserem Lager an die von Ihnen angegebene Adresse.<\/p>\n\n\n\n<p>(2) Lieferungen sind nur innerhalb der angegebenen Zonen Deutschlands m\u00f6glich.<\/p>\n\n\n\n<p>(3) Sollten nicht alle bestellten Produkte vorr\u00e4tig sein, sind wir zu Teillieferungen berechtigt, soweit dies f\u00fcr Sie zumutbar ist. Etwaige Fristen beginnen erst mit dem Erhalt der letzten Teillieferung.<\/p>\n\n\n\n<p>(4) Sofern die Lieferung leicht verderblicher Ware Gegenstand dieses Vertrags ist, gilt Folgendes: Der Kunde stellt die Annahme leicht verderblicher Waren zu dem vereinbarten Liefertermin durch geeignete Vorkehrungen sicher, z.B. indem er die Ware selbst entgegennimmt, eine Person mit der Annahme an der angegebenen Lieferadresse beauftragt oder dem Verk\u00e4ufer den Namen und die Anschrift eines zur Annahme bereiten und berechtigten Nachbarn mitteilt.<\/p>\n\n\n\n<p>(5) Bei der Bestellung loser Ware, d.h. Ware, die kundenindividuell abgewogen wird (z.B. Obst, Gem\u00fcse, Fleisch, Wurst und K\u00e4se), kann es zu Mengenabweichungen kommen. Der zu zahlende Preis wird auf Basis des Grundpreises ermittelt. Der Grundpreis wird in EUR je Mengeneinheit angegeben (z.B. EUR je 100ml, 100g, 1kg, 1l). Der durch den Kunden zu zahlende Preis bezieht sich dann auf die tats\u00e4chlich abgewogene Menge. Dadurch kann es zu leichten Unterschieden zwischen dem im Online-Shop bei Absenden der Bestellung genannten Preis und dem tats\u00e4chlichen Rechnungspreis kommen. Es wird sich bem\u00fcht, solche Abweichung m\u00f6glichst gering zu halten.<\/p>\n\n\n\n<p>(6) Die Lieferung bestellter Waren erfolgt vorbehaltlich der Verf\u00fcgbarkeit der Ware. Ist diese zum Bestellzeitpunkt nicht lieferbar, erh\u00e4lt der Besteller eine Benachrichtigung \u00fcber den voraussichtlichen Liefertermin und die Bestellung wird durch uns vorgemerkt. Sobald die Ware vorr\u00e4tig ist, erfolgt der Versand an den Besteller, ohne dass eine weitere Benachrichtigung an den Besteller erfolgt. Im Falle der Nichtverf\u00fcgbarkeit, insbesondere weil ein als solcher gekennzeichneter begrenzter Warenvorrat ersch\u00f6pft ist (z.B. Jahrgangswein) wird der Besteller durch uns unterrichtet. Bereits geleistete Zahlungen werden dann unverz\u00fcglich zur\u00fcckerstattet.<\/p>\n\n\n\n<p>(7) Bei Lieferung von Spirituosen und Tabakwaren oder sonstigen Artikeln, die gesetzlichen Verkaufsbeschr\u00e4nkungen unterliegen, erfolgt eine \u00dcbergabe der Ware nur an Empfangspersonen, die die gesetzlichen Vorgaben erf\u00fcllen, und nur nach Vorlage des Personalausweises.<\/p>\n\n\n\n<p>(8) Wir sind ausnahmsweise nicht zur Lieferung der bestellten Ware verpflichtet, wenn wir die Ware unsererseits ordnungsgem\u00e4\u00df bestellt haben, jedoch nicht richtig oder rechtzeitig beliefert wurden (kongruentes Deckungsgesch\u00e4ft). Voraussetzung ist, dass wir die fehlende Warenverf\u00fcgbarkeit nicht zu vertreten haben und Sie \u00fcber diesen Umstand unverz\u00fcglich informiert haben. Zudem d\u00fcrfen wir nicht das Risiko der Beschaffung der bestellten Ware \u00fcbernommen haben. Bei entsprechender Nichtverf\u00fcgbarkeit der Ware werden wir Ihnen bereits geleistete Zahlungen unverz\u00fcglich erstatten. Das Risiko, eine bestellte Ware besorgen zu m\u00fcssen (Beschaffungsrisiko), \u00fcbernehmen wir nicht. Dies gilt auch bei der Bestellung von Waren, die nur ihrer Art und ihren Merkmalen nach beschrieben ist (Gattungswaren). Wir sind nur zur Lieferung aus unserem Warenvorrat und der von uns bei unseren Lieferanten bestellten Waren verpflichtet.<\/p>\n\n\n\n<p>\u00a7 7 Eigentumsvorbehalt<\/p>\n\n\n\n<p>(1) Die Ware bleibt bis zur vollst\u00e4ndigen Zahlung des Kaufpreises unser Eigentum.<\/p>\n\n\n\n<p>(2) Wenn Sie Unternehmer im Sinne des \u00a7 14 BGB sind, gilt erg\u00e4nzend Folgendes:<\/p>\n\n\n\n<p>&#8211; Wir behalten uns das Eigentum an der Ware bis zum vollst\u00e4ndigen Ausgleich aller Forderungen aus der laufenden Gesch\u00e4ftsbeziehung vor. Vor \u00dcbergang des Eigentums an der Vorbehaltsware ist eine Verpf\u00e4ndung oder Sicherheits\u00fcbereignung nicht zul\u00e4ssig.<\/p>\n\n\n\n<p>&#8211; Sie d\u00fcrfen die Ware im ordentlichen Gesch\u00e4ftsgang weiterverkaufen. F\u00fcr diesen Fall treten Sie bereits jetzt alle Forderungen in H\u00f6he des Rechnungsbetrages, die Ihnen aus dem Weiterverkauf erwachsen, an uns ab. Wir nehmen die Abtretung an, Sie sind jedoch zur Einziehung der Forderungen erm\u00e4chtigt. Soweit Sie Ihren Zahlungsverpflichtungen nicht ordnungsgem\u00e4\u00df nachkommen, behalten wir uns das Recht vor, Forderungen selbst einzuziehen.<\/p>\n\n\n\n<p>&#8211; Bei Verbindung und Vermischung der Vorbehaltsware erwerben wir Miteigentum an der neuen Sache im Verh\u00e4ltnis des Rechnungswertes der Vorbehaltsware zu den anderen verarbeiteten Gegenst\u00e4nden zum Zeitpunkt der Verarbeitung.<\/p>\n\n\n\n<p>&#8211; Wir verpflichteten uns, die uns zustehenden Sicherheiten auf Verlangen insoweit freizugeben, als der realisierbare Wert unserer Sicherheiten die zu sichernden Forderungen um mehr als 10 % \u00fcbersteigt. Die Auswahl der freizugebenden Sicherheiten obliegt uns.<\/p>\n\n\n\n<p>\u00a7 8 Widerrufsbelehrung<\/p>\n\n\n\n<p>F\u00fcr den Fall, dass Sie Verbraucher im Sinne des \u00a7 13 BGB sind, also den Kauf zu Zwecken t\u00e4tigen, die \u00fcberwiegend weder Ihrer gewerblichen noch Ihrer selbst\u00e4ndigen beruflichen T\u00e4tigkeit zugerechnet werden k\u00f6nnen, haben Sie ein Widerrufsrecht nach Ma\u00dfgabe der folgenden Bestimmungen.<\/p>\n\n\n\n<p>Widerrufsrecht<\/p>\n\n\n\n<p>Sie haben das Recht, binnen vierzehn Tagen ohne Angabe von Gr\u00fcnden diesen Vertrag zu widerrufen.<\/p>\n\n\n\n<p>Die Widerrufsfrist betr\u00e4gt vierzehn Tage ab dem Tag, an dem Sie oder ein von Ihnen benannter Dritter, der nicht der Bef\u00f6rderer ist, die Waren in Besitz genommen haben bzw. hat.<\/p>\n\n\n\n<p>Um Ihr Widerrufsrecht auszu\u00fcben, m\u00fcssen Sie uns<\/p>\n\n\n\n<p>Caf\u00e9 Sommer<br>Wilhelmstra\u00dfe 100<br>72764 Reutlingen<\/p>\n\n\n\n<p>E-Mail: info@konditorei-sommer.de<br>Telefon: 07121 \/ 300380<br>Telefax: 07121 \/ 330015<\/p>\n\n\n\n<p>mittels einer eindeutigen Erkl\u00e4rung (z. B. ein mit der Post versandter Brief, Telefax oder E-Mail) \u00fcber Ihren Entschluss, diesen Vertrag zu widerrufen, informieren. Sie k\u00f6nnen daf\u00fcr das beigef\u00fcgte Muster-Widerrufsformular verwenden, das jedoch nicht vorgeschrieben ist.<\/p>\n\n\n\n<p>Zur Wahrung der Widerrufsfrist reicht es aus, dass Sie die Mitteilung \u00fcber die Aus\u00fcbung des Widerrufsrechts vor Ablauf der Widerrufsfrist absenden.<\/p>\n\n\n\n<p>Folgen des Widerrufs<\/p>\n\n\n\n<p>Wenn Sie diesen Vertrag widerrufen, haben wir Ihnen alle Zahlungen, die wir von Ihnen erhalten haben, einschlie\u00dflich der Lieferkosten (mit Ausnahme der zus\u00e4tzlichen Kosten, die sich daraus ergeben, dass Sie eine andere Art der Lieferung als die von uns angebotene, g\u00fcnstigste Standardlieferung gew\u00e4hlt haben), unverz\u00fcglich und sp\u00e4testens binnen vierzehn Tagen ab dem Tag zur\u00fcckzuzahlen, an dem die Mitteilung \u00fcber Ihren Widerruf dieses Vertrags bei uns eingegangen ist. F\u00fcr diese R\u00fcckzahlung verwenden wir dasselbe Zahlungsmittel, das Sie bei der urspr\u00fcnglichen Transaktion eingesetzt haben, es sei denn, mit Ihnen wurde ausdr\u00fccklich etwas anderes vereinbart; in keinem Fall werden Ihnen wegen dieser R\u00fcckzahlung Entgelte berechnet.<\/p>\n\n\n\n<p>Wir k\u00f6nnen die R\u00fcckzahlung verweigern, bis wir die Waren wieder zur\u00fcckerhalten haben oder bis Sie den Nachweis erbracht haben, dass Sie die Waren zur\u00fcckgesandt haben, je nachdem, welches der fr\u00fchere Zeitpunkt ist.<\/p>\n\n\n\n<p>Sie haben die Waren unverz\u00fcglich und in jedem Fall sp\u00e4testens binnen vierzehn Tagen ab dem Tag, an dem Sie uns \u00fcber den Widerruf dieses Vertrags unterrichten, an uns oder an zur\u00fcckzusenden oder zu \u00fcbergeben. Die Frist ist gewahrt, wenn Sie die Waren vor Ablauf der Frist von vierzehn Tagen absenden.<\/p>\n\n\n\n<p>Sie tragen die unmittelbaren Kosten der R\u00fccksendung der Waren.<\/p>\n\n\n\n<p>Sie m\u00fcssen f\u00fcr einen etwaigen Wertverlust der Waren nur aufkommen, wenn dieser Wertverlust auf einen zur Pr\u00fcfung der Beschaffenheit, Eigenschaften und Funktionsweise der Waren nicht notwendigen Umgang mit ihnen zur\u00fcckzuf\u00fchren ist.<\/p>\n\n\n\n<p>(1) Das Widerrufsrecht besteht nicht<\/p>\n\n\n\n<p>&#8211; bei der Lieferung von Waren, die nicht vorgefertigt sind und f\u00fcr deren Herstellung eine individuelle Auswahl oder Bestimmung durch den Verbraucher ma\u00dfgeblich ist oder die eindeutig auf die pers\u00f6nlichen Bed\u00fcrfnisse des Verbrauchers zugeschnitten sind,<\/p>\n\n\n\n<p>&#8211; Bei der Lieferung von Waren, die schnell verderben k\u00f6nnen oder deren Verfallsdatum schnell \u00fcberschritten w\u00fcrde,<\/p>\n\n\n\n<p>&#8211; bei der Lieferung versiegelter Waren, die aus Gr\u00fcnden des Gesundheitsschutzes oder der Hygiene nicht zur R\u00fcckgabe geeignet sind, wenn ihre Versiegelung nach der Lieferung entfernt wurde,<\/p>\n\n\n\n<p>&#8211; bei der Lieferung von Waren, wenn diese nach der Lieferung auf Grund ihrer Beschaffenheit untrennbar mit anderen G\u00fctern vermischt wurden oder<\/p>\n\n\n\n<p>&#8211; bei der Lieferung alkoholischer Getr\u00e4nke, deren Preis bei Vertragsschluss vereinbart wurde, die aber fr\u00fchestens 30 Tage nach Vertragsschluss geliefert werden k\u00f6nnen und deren aktueller Wert von Schwankungen auf dem Markt abh\u00e4ngt, auf die der Unternehmer keinen Einfluss hat.<\/p>\n\n\n\n<p>(2) Bitte vermeiden Sie Besch\u00e4digungen und Verunreinigungen. Senden Sie die Ware bitte m\u00f6glichst in Originalverpackung mit s\u00e4mtlichem Zubeh\u00f6r und mit allen Verpackungsbestandteilen an uns zur\u00fcck. Verwenden Sie ggf. eine sch\u00fctzende Umverpackung. Wenn Sie die Originalverpackung nicht mehr besitzen, sorgen Sie bitte mit einer geeigneten Verpackung f\u00fcr einen ausreichenden Schutz vor Transportsch\u00e4den, um Schadensersatzanspr\u00fcche wegen Besch\u00e4digungen infolge mangelhafter Verpackung zu vermeiden.<\/p>\n\n\n\n<p>(3) Bitte rufen Sie vor R\u00fccksendung unter der 07121 \/ 300380 bei uns an, um die R\u00fccksendung anzuk\u00fcndigen. Auf diese Weise erm\u00f6glichen Sie uns eine schnellstm\u00f6gliche Zuordnung der Produkte.<\/p>\n\n\n\n<p>(4) Bitte beachten Sie, dass die in den vorstehenden Abs\u00e4tzen 2 und 3 genannten Modalit\u00e4ten nicht Voraussetzung f\u00fcr die wirksame Aus\u00fcbung des Widerrufsrechts sind.<\/p>\n\n\n\n<p>\u00a7 9 Transportsch\u00e4den<\/p>\n\n\n\n<p>(1) Werden Waren mit offensichtlichen Transportsch\u00e4den angeliefert, so reklamieren Sie solche Fehler bitte sofort bei dem Zusteller und nehmen Sie bitte schnellstm\u00f6glich Kontakt zu uns auf.<\/p>\n\n\n\n<p>(2) Die Vers\u00e4umung einer Reklamation oder Kontaktaufnahme hat f\u00fcr Ihre gesetzlichen Gew\u00e4hrleistungsrechte keine Konsequenzen. Sie helfen uns aber, unsere eigenen Anspr\u00fcche gegen\u00fcber dem Frachtf\u00fchrer bzw. der Transportversicherung geltend machen zu k\u00f6nnen.<\/p>\n\n\n\n<p>\u00a7 10 Gew\u00e4hrleistung<\/p>\n\n\n\n<p>(1) Soweit nicht ausdr\u00fccklich etwas anderes vereinbart ist, richten sich Ihre Gew\u00e4hrleistungsanspr\u00fcche nach den gesetzlichen Bestimmungen des Kaufrechts (\u00a7\u00a7 433 ff. BGB).<\/p>\n\n\n\n<p>(2) Wenn Sie Unternehmer im Sinne des \u00a7 14 BGB sind, gelten die gesetzlichen Bestimmungen mit folgenden Modifikationen:<\/p>\n\n\n\n<p>&#8211; F\u00fcr die Beschaffenheit der Ware sind nur unsere eigenen Angaben und die Produktbeschreibung des Herstellers verbindlich, nicht jedoch \u00f6ffentliche Anpreisungen und \u00c4u\u00dferungen und sonstige Werbung des Herstellers.<\/p>\n\n\n\n<p>&#8211; Sie sind verpflichtet, die Ware unverz\u00fcglich und mit der gebotenen Sorgfalt auf Qualit\u00e4ts- und Mengenabweichungen zu untersuchen und uns offensichtliche M\u00e4ngel binnen 7 Tagen ab Empfang der Ware anzuzeigen. Zur Fristwahrung reicht die rechtzeitige Absendung. Dies gilt auch f\u00fcr sp\u00e4ter festgestellte verdeckte M\u00e4ngel ab Entdeckung. Bei Verletzung der Untersuchungs- und R\u00fcgepflicht ist die Geltendmachung der Gew\u00e4hrleistungsanspr\u00fcche ausgeschlossen.<\/p>\n\n\n\n<p>&#8211; Bei M\u00e4ngeln leisten wir nach unserer Wahl Gew\u00e4hr durch Nachbesserung oder Ersatzlieferung (Nacherf\u00fcllung). Im Falle der Nachbesserung m\u00fcssen wir nicht die erh\u00f6hten Kosten tragen, die durch die Verbringung der Ware an einen anderen Ort als den Erf\u00fcllungsort entstehen, sofern die Verbringung nicht dem bestimmungsgem\u00e4\u00dfen Gebrauch der Ware entspricht.<\/p>\n\n\n\n<p>&#8211; Schl\u00e4gt die Nacherf\u00fcllung zweimal fehl, k\u00f6nnen Sie nach Ihrer Wahl Minderung verlangen oder vom Vertrag zur\u00fccktreten.<\/p>\n\n\n\n<p>&#8211; Die Gew\u00e4hrleistungsfrist betr\u00e4gt ein Jahr ab Ablieferung der Ware.<\/p>\n\n\n\n<p>\u00a7 11 Haftung<\/p>\n\n\n\n<p>(1) Unbeschr\u00e4nkte Haftung: Wir haften unbeschr\u00e4nkt f\u00fcr Vorsatz und grobe Fahrl\u00e4ssigkeit sowie nach Ma\u00dfgabe des Produkthaftungsgesetzes. F\u00fcr leichte Fahrl\u00e4ssigkeit haften wir bei Sch\u00e4den aus der Verletzung des Lebens, des K\u00f6rpers und der Gesundheit von Personen.<\/p>\n\n\n\n<p>(2)&nbsp;Im \u00dcbrigen gilt folgende beschr\u00e4nkte Haftung: Bei leichter Fahrl\u00e4ssigkeit haften wir nur im Falle der Verletzung einer wesentlichen Vertragspflicht, deren Erf\u00fcllung die ordnungsgem\u00e4\u00dfe Durchf\u00fchrung des Vertrags \u00fcberhaupt erst erm\u00f6glicht und auf deren Einhaltung Sie regelm\u00e4\u00dfig vertrauen d\u00fcrfen (Kardinalpflicht). Die Haftung f\u00fcr leichte Fahrl\u00e4ssigkeit ist der H\u00f6he nach beschr\u00e4nkt auf die bei Vertragsschluss vorhersehbaren Sch\u00e4den, mit deren Entstehung typischerweise gerechnet werden muss. Diese Haftungsbeschr\u00e4nkung gilt auch zugunsten unserer Erf\u00fcllungsgehilfen.<\/p>\n\n\n\n<p>\u00a7 12 Alternative Streitbeilegung<\/p>\n\n\n\n<p>Die EU-Kommission hat eine Plattform f\u00fcr au\u00dfergerichtliche Streitschlichtung bereitgestellt. Verbrauchern gibt dies die M\u00f6glichkeit, Streitigkeiten im Zusammenhang mit Ihrer Online-Bestellung zun\u00e4chst ohne die Einschaltung eines Gerichts zu kl\u00e4ren. Die Streitbeilegungs-Plattform ist unter dem externen Link http:\/\/ec.europa.eu\/consumers\/odr\/ erreichbar.<\/p>\n\n\n\n<p>Wir sind bem\u00fcht, eventuelle Meinungsverschiedenheiten aus unserem Vertrag einvernehmlich beizulegen. Dar\u00fcber hinaus sind wir zu einer Teilnahme an einem Schlichtungsverfahren nicht verpflichtet und k\u00f6nnen Ihnen die Teilnahme an einem solchen Verfahren leider auch nicht anbieten.<\/p>\n\n\n\n<p>\u00a7 13 Schlussbestimmungen<\/p>\n\n\n\n<p>(1) Sollten eine oder mehrere Bestimmungen dieser AGB unwirksam sein oder werden, wird dadurch die Wirksamkeit der anderen Bestimmungen im \u00dcbrigen nicht ber\u00fchrt.<\/p>\n\n\n\n<p>(2) Auf Vertr\u00e4ge zwischen uns und Ihnen ist ausschlie\u00dflich deutsches Recht anwendbar unter Ausschluss der Bestimmungen der United Nations Convention on Contracts for the International Sale of Goods (CISG, \u201eUNKaufrecht\u201c). Zwingende Bestimmungen des Landes, in dem Sie sich gew\u00f6hnlich aufhalten, bleiben von der Rechtswahl unber\u00fchrt.<\/p>\n\n\n\n<p>(3) Sind Sie Kaufmann, juristische Person des \u00f6ffentlichen Rechts oder \u00f6ffentlichrechtliches Sonderverm\u00f6gen, so ist Gerichtsstand f\u00fcr alle Streitigkeiten aus oder im Zusammenhang mit Vertr\u00e4gen zwischen uns und Ihnen unser Gesch\u00e4ftssitz.<\/p>\n\n\n\n<p>Stand: 03.2020<\/p>\n\n\n\n<p>Copyright: H\u00c4RTING Rechtsanw\u00e4lte, www.haerting.de, vertragstexte@haerting.de Chausseestra\u00dfe 13,10115 Berlin, Tel. (030) 28 30 57 40, Fax (030) 28 30 57 4<\/p>\n","protected":false},"excerpt":{"rendered":"<p>ALLGEMEINE GESCH\u00c4FTSBEDINGUNGEN \u00a7 1 Geltungsbereich und Anbieter (1) Diese Allgemeinen Gesch\u00e4ftsbedingungen gelten f\u00fcr alle Bestellungen, die Sie bei dem Online-Shop des Caf\u00e9 SommerWilhelmstra\u00dfe 10072764 Reutlingen t\u00e4tigen. (2) Das Warenangebot in unserem Online-Shop richtet sich ausschlie\u00dflich an K\u00e4ufer, die das 18. Lebensjahr vollendet haben. (3) Unsere Lieferungen, Leistungen und Angebote erfolgen ausschlie\u00dflich auf der Grundlage dieser [&hellip;]<\/p>\n","protected":false},"author":1,"featured_media":0,"parent":0,"menu_order":0,"comment_status":"closed","ping_status":"closed","template":"","meta":{"footnotes":""},"class_list":["post-280","page","type-page","status-publish","hentry"],"publishpress_future_action":{"enabled":false,"date":"2026-05-06 22:56:42","action":"change-status","newStatus":"draft","terms":[],"taxonomy":""},"publishpress_future_workflow_manual_trigger":{"enabledWorkflows":[]},"_links":{"self":[{"href":"https:\/\/www.cafe-sommer.de\/shop\/wp-json\/wp\/v2\/pages\/280","targetHints":{"allow":["GET"]}}],"collection":[{"href":"https:\/\/www.cafe-sommer.de\/shop\/wp-json\/wp\/v2\/pages"}],"about":[{"href":"https:\/\/www.cafe-sommer.de\/shop\/wp-json\/wp\/v2\/types\/page"}],"author":[{"embeddable":true,"href":"https:\/\/www.cafe-sommer.de\/shop\/wp-json\/wp\/v2\/users\/1"}],"replies":[{"embeddable":true,"href":"https:\/\/www.cafe-sommer.de\/shop\/wp-json\/wp\/v2\/comments?post=280"}],"version-history":[{"count":3,"href":"https:\/\/www.cafe-sommer.de\/shop\/wp-json\/wp\/v2\/pages\/280\/revisions"}],"predecessor-version":[{"id":2094,"href":"https:\/\/www.cafe-sommer.de\/shop\/wp-json\/wp\/v2\/pages\/280\/revisions\/2094"}],"wp:attachment":[{"href":"https:\/\/www.cafe-sommer.de\/shop\/wp-json\/wp\/v2\/media?parent=280"}],"curies":[{"name":"wp","href":"https:\/\/api.w.org\/{rel}","templated":true}]}}