{"id":3172,"date":"2025-12-01T22:38:15","date_gmt":"2025-12-01T21:38:15","guid":{"rendered":"https:\/\/www.cafe-sommer.de\/shop\/?post_type=product&#038;p=3172"},"modified":"2025-12-01T22:38:16","modified_gmt":"2025-12-01T21:38:16","slug":"sommermenue-x-dachterrasse-19-06-2026-ab-18-uhr","status":"publish","type":"product","link":"https:\/\/www.cafe-sommer.de\/shop\/bestellen\/menues\/sommermenue-x-dachterrasse-19-06-2026-ab-18-uhr\/","title":{"rendered":"Sommermen\u00fc X Dachterrasse \\ 19.06.2026 \u2022 ab 18 Uhr"},"content":{"rendered":"<h3><strong>Sommermen\u00fc X Dachterrasse<\/strong><\/h3>\n<h4><strong>Zwei 3-G\u00e4nge-Men\u00fcs zur Wahl inkl. Gru\u00df aus der K\u00fcche<\/strong><\/h4>\n<h4>Auf unserer Dachterrasse bei gutem Wetter. Alternativ findet das Event in unserem Restaurant statt.<\/h4>\n<p><strong>Freitag, 19. Juni 2026 \u2022 ab 18 Uhr \u2022 59 \u20ac p.P.<\/strong><\/p>\n<h4>Sonnenabende auf der Dachterrasse:<\/h4>\n<p>\u2026passend zum Sommeranfang verw\u00f6hnen wir Dich mit einem sommerlichen 3-G\u00e4nge-Men\u00fc und abgestimmter Weinbegleitung.<\/p>\n<p><strong>Genie\u00dfe einen gem\u00fctlichen Sommer-Abend auf unserer Dachterrasse!<\/strong><br \/>\nF\u00fcr alle Wein-Liebhaber, Wein-Genie\u00dfer &amp; Wein-Neulinge!<\/p>\n","protected":false},"excerpt":{"rendered":"<p>Sommermen\u00fc X Dachterrasse Zwei 3-G\u00e4nge-Men\u00fcs zur Wahl inkl. Gru\u00df aus der K\u00fcche Auf unserer Dachterrasse bei gutem Wetter. Alternativ findet das Event in unserem Restaurant statt. Freitag, 19. Juni 2026 \u2022 ab 18 Uhr \u2022 59 \u20ac p.P. Sonnenabende auf der Dachterrasse: \u2026passend zum Sommeranfang verw\u00f6hnen wir Dich mit einem sommerlichen 3-G\u00e4nge-Men\u00fc und abgestimmter Weinbegleitung. [&hellip;]<\/p>\n","protected":false},"featured_media":3173,"template":"","meta":[],"product_brand":[],"product_cat":[73],"product_tag":[],"class_list":{"0":"post-3172","1":"product","2":"type-product","3":"status-publish","4":"has-post-thumbnail","6":"product_cat-menues","8":"first","9":"instock","10":"featured","11":"taxable","12":"shipping-taxable","13":"product-type-grouped"},"publishpress_future_action":{"enabled":true,"date":"2026-06-19 15:00:00","action":"change-status","newStatus":"trash","terms":[0],"taxonomy":"product_visibility"},"publishpress_future_workflow_manual_trigger":{"enabledWorkflows":[]},"_links":{"self":[{"href":"https:\/\/www.cafe-sommer.de\/shop\/wp-json\/wp\/v2\/product\/3172","targetHints":{"allow":["GET"]}}],"collection":[{"href":"https:\/\/www.cafe-sommer.de\/shop\/wp-json\/wp\/v2\/product"}],"about":[{"href":"https:\/\/www.cafe-sommer.de\/shop\/wp-json\/wp\/v2\/types\/product"}],"wp:featuredmedia":[{"embeddable":true,"href":"https:\/\/www.cafe-sommer.de\/shop\/wp-json\/wp\/v2\/media\/3173"}],"wp:attachment":[{"href":"https:\/\/www.cafe-sommer.de\/shop\/wp-json\/wp\/v2\/media?parent=3172"}],"wp:term":[{"taxonomy":"product_brand","embeddable":true,"href":"https:\/\/www.cafe-sommer.de\/shop\/wp-json\/wp\/v2\/product_brand?post=3172"},{"taxonomy":"product_cat","embeddable":true,"href":"https:\/\/www.cafe-sommer.de\/shop\/wp-json\/wp\/v2\/product_cat?post=3172"},{"taxonomy":"product_tag","embeddable":true,"href":"https:\/\/www.cafe-sommer.de\/shop\/wp-json\/wp\/v2\/product_tag?post=3172"}],"curies":[{"name":"wp","href":"https:\/\/api.w.org\/{rel}","templated":true}]}}